{"id":26,"date":"2023-11-04T17:54:11","date_gmt":"2023-11-04T16:54:11","guid":{"rendered":"https:\/\/connexion-cheval.com\/?page_id=26"},"modified":"2023-11-09T23:23:00","modified_gmt":"2023-11-09T22:23:00","slug":"cours","status":"publish","type":"page","link":"https:\/\/connexion-cheval.com\/index.php\/cours\/","title":{"rendered":"Cours"},"content":{"rendered":"\n<ul class=\"wp-block-list\">\n<li>\u00c9quitation \u00e9thologique, passage des savoirs 1-2-3 <\/li>\n<\/ul>\n\n\n\n<p><\/p>\n\n\n\n<ul class=\"wp-block-list\">\n<li>Possibilit\u00e9 de venir \u00e0 la carri\u00e8re de Mollau g\u00e9r\u00e9e par l&#8217;Association des cavaliers de la Haute-Thur (68)<\/li>\n<\/ul>\n\n\n\n<p><\/p>\n\n\n\n<ul class=\"wp-block-list\">\n<li>Travail \u00e0 pied aux longues r\u00eanes\/longe<\/li>\n<\/ul>\n\n\n\n<p><\/p>\n\n\n\n<ul class=\"wp-block-list\">\n<li>Attelage, passage des galops en attelage <\/li>\n<\/ul>\n\n\n\n<p><\/p>\n\n\n\n<ul class=\"wp-block-list\">\n<li>\u00c9quitation mont\u00e9e, passage des galops jusqu&#8217;au niveau G4<\/li>\n<\/ul>\n\n\n\n<p><\/p>\n\n\n\n<p>-Titulaire du BPJEPS mention attelage, Brevet F\u00e9d\u00e9ral en \u00c9quitation \u00c9thologique 1 (formation au Haras de la Cense), Brevet F\u00e9d\u00e9ral Travail \u00e0 pied 1-<\/p>\n","protected":false},"excerpt":{"rendered":"<p>-Titulaire du BPJEPS mention attelage, Brevet F\u00e9d\u00e9ral en \u00c9quitation \u00c9thologique 1 (formation au Haras de la Cense), Brevet F\u00e9d\u00e9ral Travail \u00e0 pied 1-<\/p>\n","protected":false},"author":1,"featured_media":0,"parent":0,"menu_order":0,"comment_status":"closed","ping_status":"closed","template":"","meta":{"footnotes":""},"class_list":["post-26","page","type-page","status-publish","hentry"],"_links":{"self":[{"href":"https:\/\/connexion-cheval.com\/index.php\/wp-json\/wp\/v2\/pages\/26","targetHints":{"allow":["GET"]}}],"collection":[{"href":"https:\/\/connexion-cheval.com\/index.php\/wp-json\/wp\/v2\/pages"}],"about":[{"href":"https:\/\/connexion-cheval.com\/index.php\/wp-json\/wp\/v2\/types\/page"}],"author":[{"embeddable":true,"href":"https:\/\/connexion-cheval.com\/index.php\/wp-json\/wp\/v2\/users\/1"}],"replies":[{"embeddable":true,"href":"https:\/\/connexion-cheval.com\/index.php\/wp-json\/wp\/v2\/comments?post=26"}],"version-history":[{"count":5,"href":"https:\/\/connexion-cheval.com\/index.php\/wp-json\/wp\/v2\/pages\/26\/revisions"}],"predecessor-version":[{"id":106,"href":"https:\/\/connexion-cheval.com\/index.php\/wp-json\/wp\/v2\/pages\/26\/revisions\/106"}],"wp:attachment":[{"href":"https:\/\/connexion-cheval.com\/index.php\/wp-json\/wp\/v2\/media?parent=26"}],"curies":[{"name":"wp","href":"https:\/\/api.w.org\/{rel}","templated":true}]}}